{"id":1302,"date":"2022-03-31T06:24:38","date_gmt":"2022-03-31T06:24:38","guid":{"rendered":"https:\/\/2022.nireahotel.com\/?page_id=1302"},"modified":"2025-12-31T11:45:11","modified_gmt":"2025-12-31T11:45:11","slug":"habitaciones-grupos-vitoria","status":"publish","type":"page","link":"https:\/\/logunerooms.com\/es\/habitaciones-grupos-vitoria\/","title":{"rendered":"Habitaciones para grupos"},"content":{"rendered":"<div class=\"wpb-content-wrapper\"><p>[vc_row el_class=&#8221;bg-gris-claro&#8221;][vc_column width=&#8221;1\/3&#8243;][\/vc_column][vc_column width=&#8221;1\/3&#8243; css=&#8221;.vc_custom_1700156210632{padding-bottom: 20px !important;}&#8221;][vc_column_text el_class=&#8221;pd-lr-xs-30&#8243;]<\/p>\n<h2 class=\"text-vison\" style=\"text-align: center;\">Tipos de habitaciones<\/h2>\n<p class=\"p1\" style=\"text-align: center;\"><span style=\"color: #666666;\">Escoge la habitaci\u00f3n que m\u00e1s te guste en funci\u00f3n del espacio del que quer\u00e1is disponer.<\/span><\/p>\n<p>[\/vc_column_text][\/vc_column][vc_column width=&#8221;1\/3&#8243;][\/vc_column][\/vc_row][vc_row][vc_column width=&#8221;1\/3&#8243;][vc_raw_html css=&#8221;&#8221;]JTNDZGl2JTIwY2xhc3MlM0QlMjJhdS1wb3B1cCUyMiUzRSUwQSUyMCUyMCUyMCUyMCUyMCUyMCUyMCUzQ2RpdiUyMGNsYXNzJTNEJTIyYXUtcG9wdXAtaW5uZXIlMjIlM0UlMEElM0NpZnJhbWUlMjBzcmMlM0QlMjJodHRwcyUzQSUyRiUyRm15Lm1hdHRlcnBvcnQuY29tJTJGc2hvdyUyRiUzRm0lM0R1YWtaQlZjVXVURiUyNnNyJTNELS41JTJDLS40OSUyNnNzJTNEMiUyMiUyMGZyYW1lYm9yZGVyJTNEJTIyMCUyMiUyMHN0eWxlJTNEJTIyaGVpZ2h0JTNBMTAwJTI1JTNCZGlzcGxheSUzQWJsb2NrJTNCJTIwd2lkdGglM0ExMDAlMjUlM0IlMjBib3JkZXIlM0Fub25lJTNCJTIyJTNFJTNDJTJGaWZyYW1lJTNFJTBBJTIwJTIwJTIwJTIwJTIwJTIwJTIwJTNDc3BhbiUyMGNsYXNzJTNEJTIyYXUtY2xvc2UlMjIlM0UlMjZ0aW1lcyUzQiUzQyUyRnNwYW4lM0UlMEElMjAlMjAlMjAlMjAlMjAlMjAlMjAlM0MlMkZkaXYlM0UlMEElMjAlMjAlMjAlMjAlM0MlMkZkaXYlM0U=[\/vc_raw_html][\/vc_column][vc_column width=&#8221;1\/3&#8243;][vc_btn title=&#8221;TOUR VIRTUAL&#8221; style=&#8221;outline&#8221; shape=&#8221;square&#8221; color=&#8221;black&#8221; align=&#8221;center&#8221; css=&#8221;&#8221; link=&#8221;url:https%3A%2F%2Fmy.matterport.com%2Fshow%2F%3Fm%3DaPVG5UkaYzY&#8221; el_id=&#8221;btn-tour&#8221; el_class=&#8221;btn-gris-oscuro&#8221;][\/vc_column][vc_column width=&#8221;1\/3&#8243;][\/vc_column][\/vc_row][vc_row css=&#8221;.vc_custom_1700157206997{padding-top: 20px !important;background-color: #ffffff !important;}&#8221; el_class=&#8221;fila-habitaciones-detalle&#8221;][vc_column width=&#8221;1\/5&#8243;][\/vc_column][vc_column width=&#8221;1\/5&#8243; css=&#8221;.vc_custom_1680805309438{padding-bottom: 20px !important;}&#8221;][vc_images_carousel images=&#8221;3282,3279,3273,3285,3267,3269,3275,3265&#8243; img_size=&#8221;263&#215;328&#8243; onclick=&#8221;link_no&#8221; hide_pagination_control=&#8221;yes&#8221; el_class=&#8221;carrousel-habitaciones&#8221;][vc_column_text el_class=&#8221;tipo-habitacion&#8221;]<\/p>\n<h3 style=\"text-align: center;\"><span style=\"color: #999999;\">ROOM<\/span><\/h3>\n<h3 style=\"text-align: center;\">4 personas<\/h3>\n<p>[\/vc_column_text][vc_raw_html]JTNDdGFibGUlMjBjbGFzcyUzRCUyMnRhYmxhLXNlcnZpY2lvcyUyMiUyMCUzRSUwQSUzQ3RyJTNFJTBBJTNDdGQlM0UlM0NpbWclMjBjbGFzcyUzRCUyMmltZy1pY29uJTIyJTIwYWx0JTNEJTIybnVsbCUyMiUyMHNyYyUzRCUyMmh0dHBzJTNBJTJGJTJGbG9ndW5lcm9vbXMuY29tJTJGd3AtY29udGVudCUyRnVwbG9hZHMlMkYyMDIzJTJGMDQlMkZJY29ub2R1Y2hhMi5wbmclMjIlM0UlM0MlMkZ0ZCUzRSUwQSUzQ3RkJTNFQXNlbyUyMHklMjBkdWNoYSUyMHByaXZhZG9zJTNDJTJGdGQlM0UlMEElM0MlMkZ0ciUzRSUwQSUzQ3RyJTNFJTBBJTNDdGQlM0UlM0NpbWclMjBjbGFzcyUzRCUyMmltZy1pY29uJTIyJTIwYWx0JTNEJTIybnVsbCUyMiUyMHNyYyUzRCUyMmh0dHBzJTNBJTJGJTJGbG9ndW5lcm9vbXMuY29tJTJGd3AtY29udGVudCUyRnVwbG9hZHMlMkYyMDIzJTJGMDQlMkZJY29ub3NhYmFuYXMyLnBuZyUyMiUzRSUzQyUyRnRkJTNFJTBBJTNDdGQlM0VSb3BhJTIwZGUlMjBjYW1hJTNDJTJGdGQlM0UlMEElM0MlMkZ0ciUzRSUwQSUzQ3RyJTNFJTBBJTNDdGQlM0UlM0NpbWclMjBjbGFzcyUzRCUyMmltZy1pY29uJTIyJTIwYWx0JTNEJTIybnVsbCUyMiUyMHNyYyUzRCUyMmh0dHBzJTNBJTJGJTJGbG9ndW5lcm9vbXMuY29tJTJGd3AtY29udGVudCUyRnVwbG9hZHMlMkYyMDIzJTJGMDQlMkZJY29ub3JheW8ucG5nJTIyJTNFJTNDJTJGdGQlM0UlMEElM0N0ZCUzRUNhcmdhJTIwVVNCJTNDJTJGdGQlM0UlMEElM0MlMkZ0ciUzRSUwQSUzQ3RyJTNFJTBBJTNDdGQlM0UlM0NpbWclMjBjbGFzcyUzRCUyMmltZy1pY29uJTIyJTIwYWx0JTNEJTIybnVsbCUyMiUyMHNyYyUzRCUyMmh0dHBzJTNBJTJGJTJGbG9ndW5lcm9vbXMuY29tJTJGd3AtY29udGVudCUyRnVwbG9hZHMlMkYyMDIzJTJGMDQlMkZJY29ub2NhbmRhZG8ucG5nJTIyJTNFJTNDJTJGdGQlM0UlMEElM0N0ZCUzRVRhcXVpbGxhcyUyMCUyQiUyMGNham9uZXMlM0MlMkZ0ZCUzRSUwQSUzQyUyRnRyJTNFJTBBJTNDJTJGdGFibGUlM0UlMjA=[\/vc_raw_html][vc_raw_html css=&#8221;&#8221; el_class=&#8221;mirai-ordenador&#8221;]JTNDYSUyMGhyZWYlM0QlMjJodHRwcyUzQSUyRiUyRmxvZ3VuZXJvb21zLmNvbSUyRmJvb2tpbmdzdGVwMSUyRiUyMiUyMGNsYXNzJTNEJTIyYnRuLXJlc2VydmFyLWF6dWwlMjIlM0UlM0UlMjBFTEVHSVIlMjBGRUNIQSUzQyUyRmElM0U=[\/vc_raw_html][vc_raw_html css=&#8221;&#8221; el_class=&#8221;mirai-movil&#8221;]JTNDYSUyMGhyZWYlM0QlMjJodHRwcyUzQSUyRiUyRmxvZ3VuZXJvb21zLmNvbSUyRmJvb2tpbmdzdGVwMSUyRiUyMiUyMGNsYXNzJTNEJTIyYnRuLXJlc2VydmFyLWF6dWwlMjIlM0UlM0UlMjBFTEVHSVIlMjBGRUNIQSUzQyUyRmElM0U=[\/vc_raw_html][vc_empty_space height=&#8221;10px&#8221;][\/vc_column][vc_column width=&#8221;1\/5&#8243; css=&#8221;.vc_custom_1677080510543{padding-bottom: 20px !important;}&#8221;][vc_images_carousel images=&#8221;3323,3321,3329,3319,3327,3325&#8243; img_size=&#8221;263&#215;328&#8243; onclick=&#8221;link_no&#8221; hide_pagination_control=&#8221;yes&#8221; el_class=&#8221;carrousel-habitaciones&#8221;][vc_column_text el_class=&#8221;tipo-habitacion&#8221;]<\/p>\n<h3 style=\"text-align: center;\"><span style=\"color: #999999;\">ROOM<\/span><\/h3>\n<h3 style=\"text-align: center;\">6 personas<span style=\"color: #666666;\"><br \/>\n<\/span><\/h3>\n<p>[\/vc_column_text][vc_raw_html]JTNDdGFibGUlMjBjbGFzcyUzRCUyMnRhYmxhLXNlcnZpY2lvcyUyMiUyMCUzRSUwQSUzQ3RyJTNFJTBBJTNDdGQlM0UlM0NpbWclMjBjbGFzcyUzRCUyMmltZy1pY29uJTIyJTIwYWx0JTNEJTIybnVsbCUyMiUyMHNyYyUzRCUyMmh0dHBzJTNBJTJGJTJGbG9ndW5lcm9vbXMuY29tJTJGd3AtY29udGVudCUyRnVwbG9hZHMlMkYyMDIzJTJGMDQlMkZJY29ub2R1Y2hhMi5wbmclMjIlM0UlM0MlMkZ0ZCUzRSUwQSUzQ3RkJTNFQXNlbyUyMHklMjBkdWNoYSUyMHByaXZhZG9zJTNDJTJGdGQlM0UlMEElM0MlMkZ0ciUzRSUwQSUzQ3RyJTNFJTBBJTNDdGQlM0UlM0NpbWclMjBjbGFzcyUzRCUyMmltZy1pY29uJTIyJTIwYWx0JTNEJTIybnVsbCUyMiUyMHNyYyUzRCUyMmh0dHBzJTNBJTJGJTJGbG9ndW5lcm9vbXMuY29tJTJGd3AtY29udGVudCUyRnVwbG9hZHMlMkYyMDIzJTJGMDQlMkZJY29ub3NhYmFuYXMyLnBuZyUyMiUzRSUzQyUyRnRkJTNFJTBBJTNDdGQlM0VSb3BhJTIwZGUlMjBjYW1hJTNDJTJGdGQlM0UlMEElM0MlMkZ0ciUzRSUwQSUzQ3RyJTNFJTBBJTNDdGQlM0UlM0NpbWclMjBjbGFzcyUzRCUyMmltZy1pY29uJTIyJTIwYWx0JTNEJTIybnVsbCUyMiUyMHNyYyUzRCUyMmh0dHBzJTNBJTJGJTJGbG9ndW5lcm9vbXMuY29tJTJGd3AtY29udGVudCUyRnVwbG9hZHMlMkYyMDIzJTJGMDQlMkZJY29ub3JheW8ucG5nJTIyJTNFJTNDJTJGdGQlM0UlMEElM0N0ZCUzRUNhcmdhJTIwVVNCJTNDJTJGdGQlM0UlMEElM0MlMkZ0ciUzRSUwQSUzQ3RyJTNFJTBBJTNDdGQlM0UlM0NpbWclMjBjbGFzcyUzRCUyMmltZy1pY29uJTIyJTIwYWx0JTNEJTIybnVsbCUyMiUyMHNyYyUzRCUyMmh0dHBzJTNBJTJGJTJGbG9ndW5lcm9vbXMuY29tJTJGd3AtY29udGVudCUyRnVwbG9hZHMlMkYyMDIzJTJGMDQlMkZJY29ub2NhbmRhZG8ucG5nJTIyJTNFJTNDJTJGdGQlM0UlMEElM0N0ZCUzRVRhcXVpbGxhcyUyMCUyQiUyMGNham9uZXMlM0MlMkZ0ZCUzRSUwQSUzQyUyRnRyJTNFJTBBJTNDJTJGdGFibGUlM0UlMjA=[\/vc_raw_html][vc_raw_html css=&#8221;&#8221; el_class=&#8221;mirai-ordenador&#8221;]JTNDYSUyMGhyZWYlM0QlMjJodHRwcyUzQSUyRiUyRmxvZ3VuZXJvb21zLmNvbSUyRmJvb2tpbmdzdGVwMSUyRiUyMiUyMGNsYXNzJTNEJTIyYnRuLXJlc2VydmFyLWF6dWwlMjIlM0UlM0UlMjBFTEVHSVIlMjBGRUNIQSUzQyUyRmElM0U=[\/vc_raw_html][vc_raw_html css=&#8221;&#8221; el_class=&#8221;mirai-movil&#8221;]JTNDYSUyMGhyZWYlM0QlMjJodHRwcyUzQSUyRiUyRmxvZ3VuZXJvb21zLmNvbSUyRmJvb2tpbmdzdGVwMSUyRiUyMiUyMGNsYXNzJTNEJTIyYnRuLXJlc2VydmFyLWF6dWwlMjIlM0UlM0UlMjBFTEVHSVIlMjBGRUNIQSUzQyUyRmElM0U=[\/vc_raw_html][vc_empty_space height=&#8221;10px&#8221;][\/vc_column][vc_column width=&#8221;1\/5&#8243;][vc_images_carousel images=&#8221;3350,3352,3354,3358,3360,3362&#8243; img_size=&#8221;263&#215;328&#8243; onclick=&#8221;link_no&#8221; hide_pagination_control=&#8221;yes&#8221; el_class=&#8221;carrousel-habitaciones&#8221;][vc_column_text el_class=&#8221;tipo-habitacion&#8221;]<\/p>\n<h3 style=\"text-align: center;\"><span style=\"color: #999999;\">ROOM<\/span><\/h3>\n<h3 style=\"text-align: center;\">8 personas<span style=\"color: #666666;\"><br \/>\n<\/span><\/h3>\n<p>[\/vc_column_text][vc_raw_html]JTNDdGFibGUlMjBjbGFzcyUzRCUyMnRhYmxhLXNlcnZpY2lvcyUyMiUyMCUzRSUwQSUzQ3RyJTNFJTBBJTNDdGQlM0UlM0NpbWclMjBjbGFzcyUzRCUyMmltZy1pY29uJTIyJTIwYWx0JTNEJTIybnVsbCUyMiUyMHNyYyUzRCUyMmh0dHBzJTNBJTJGJTJGbG9ndW5lcm9vbXMuY29tJTJGd3AtY29udGVudCUyRnVwbG9hZHMlMkYyMDIzJTJGMDQlMkZJY29ub2R1Y2hhMi5wbmclMjIlM0UlM0MlMkZ0ZCUzRSUwQSUzQ3RkJTNFQXNlbyUyMHklMjBkdWNoYSUyMHByaXZhZG9zJTNDJTJGdGQlM0UlMEElM0MlMkZ0ciUzRSUwQSUzQ3RyJTNFJTBBJTNDdGQlM0UlM0NpbWclMjBjbGFzcyUzRCUyMmltZy1pY29uJTIyJTIwYWx0JTNEJTIybnVsbCUyMiUyMHNyYyUzRCUyMmh0dHBzJTNBJTJGJTJGbG9ndW5lcm9vbXMuY29tJTJGd3AtY29udGVudCUyRnVwbG9hZHMlMkYyMDIzJTJGMDQlMkZJY29ub3NhYmFuYXMyLnBuZyUyMiUzRSUzQyUyRnRkJTNFJTBBJTNDdGQlM0VSb3BhJTIwZGUlMjBjYW1hJTNDJTJGdGQlM0UlMEElM0MlMkZ0ciUzRSUwQSUzQ3RyJTNFJTBBJTNDdGQlM0UlM0NpbWclMjBjbGFzcyUzRCUyMmltZy1pY29uJTIyJTIwYWx0JTNEJTIybnVsbCUyMiUyMHNyYyUzRCUyMmh0dHBzJTNBJTJGJTJGbG9ndW5lcm9vbXMuY29tJTJGd3AtY29udGVudCUyRnVwbG9hZHMlMkYyMDIzJTJGMDQlMkZJY29ub3JheW8ucG5nJTIyJTNFJTNDJTJGdGQlM0UlMEElM0N0ZCUzRUNhcmdhJTIwVVNCJTNDJTJGdGQlM0UlMEElM0MlMkZ0ciUzRSUwQSUzQ3RyJTNFJTBBJTNDdGQlM0UlM0NpbWclMjBjbGFzcyUzRCUyMmltZy1pY29uJTIyJTIwYWx0JTNEJTIybnVsbCUyMiUyMHNyYyUzRCUyMmh0dHBzJTNBJTJGJTJGbG9ndW5lcm9vbXMuY29tJTJGd3AtY29udGVudCUyRnVwbG9hZHMlMkYyMDIzJTJGMDQlMkZJY29ub2NhbmRhZG8ucG5nJTIyJTNFJTNDJTJGdGQlM0UlMEElM0N0ZCUzRVRhcXVpbGxhcyUyMCUyQiUyMGNham9uZXMlM0MlMkZ0ZCUzRSUwQSUzQyUyRnRyJTNFJTBBJTNDJTJGdGFibGUlM0UlMjA=[\/vc_raw_html][vc_raw_html css=&#8221;&#8221; el_class=&#8221;mirai-ordenador&#8221;]JTNDYSUyMGhyZWYlM0QlMjJodHRwcyUzQSUyRiUyRmxvZ3VuZXJvb21zLmNvbSUyRmJvb2tpbmdzdGVwMSUyRiUyMiUyMGNsYXNzJTNEJTIyYnRuLXJlc2VydmFyLWF6dWwlMjIlM0UlM0UlMjBFTEVHSVIlMjBGRUNIQSUzQyUyRmElM0U=[\/vc_raw_html][vc_raw_html css=&#8221;&#8221; el_class=&#8221;mirai-movil&#8221;]JTNDYSUyMGhyZWYlM0QlMjJodHRwcyUzQSUyRiUyRmxvZ3VuZXJvb21zLmNvbSUyRmJvb2tpbmdzdGVwMSUyRiUyMiUyMGNsYXNzJTNEJTIyYnRuLXJlc2VydmFyLWF6dWwlMjIlM0UlM0UlMjBFTEVHSVIlMjBGRUNIQSUzQyUyRmElM0U=[\/vc_raw_html][vc_empty_space height=&#8221;10px&#8221;][\/vc_column][vc_column width=&#8221;1\/5&#8243;][\/vc_column][\/vc_row][vc_row css=&#8221;.vc_custom_1700156972666{padding-bottom: 30px !important;background-color: #ffffff !important;}&#8221; el_class=&#8221;fila-habitaciones-detalle&#8221;][vc_column width=&#8221;1\/6&#8243;][\/vc_column][vc_column width=&#8221;2\/3&#8243;][vc_row_inner][vc_column_inner width=&#8221;1\/2&#8243;][vc_images_carousel images=&#8221;3372,3370,3376,3374,3380,3366,3368&#8243; img_size=&#8221;400&#215;300&#8243; onclick=&#8221;link_no&#8221; hide_pagination_control=&#8221;yes&#8221; el_class=&#8221;carrousel-habitaciones&#8221; el_id=&#8221;carrousel-10&#8243;][\/vc_column_inner][vc_column_inner width=&#8221;1\/2&#8243;][vc_column_text el_class=&#8221;tipo-habitacion&#8221;]<\/p>\n<h3 style=\"text-align: center;\"><span style=\"color: #999999;\">ROOM<\/span><\/h3>\n<h3 style=\"text-align: center;\">10 personas<\/h3>\n<p>[\/vc_column_text][vc_raw_html]JTNDdGFibGUlMjBjbGFzcyUzRCUyMnRhYmxhLXNlcnZpY2lvcyUyMiUyMCUzRSUwQSUzQ3RyJTNFJTBBJTNDdGQlM0UlM0NpbWclMjBjbGFzcyUzRCUyMmltZy1pY29uJTIyJTIwYWx0JTNEJTIybnVsbCUyMiUyMHNyYyUzRCUyMmh0dHBzJTNBJTJGJTJGbG9ndW5lcm9vbXMuY29tJTJGd3AtY29udGVudCUyRnVwbG9hZHMlMkYyMDIzJTJGMDQlMkZJY29ub3B1ZXJ0YS5wbmclMjIlM0UlM0MlMkZ0ZCUzRSUwQSUzQ3RkJTNFQWNjZXNvJTIwcHJpdmFkbyUyMGRpcmVjdG8lMjBkZXNkZSUyMGxhJTIwY2FsbGUlM0MlMkZ0ZCUzRSUwQSUzQyUyRnRyJTNFJTBBJTNDdHIlM0UlMEElM0N0ZCUzRSUzQ2ltZyUyMGNsYXNzJTNEJTIyaW1nLWljb24lMjIlMjBhbHQlM0QlMjJudWxsJTIyJTIwc3JjJTNEJTIyaHR0cHMlM0ElMkYlMkZsb2d1bmVyb29tcy5jb20lMkZ3cC1jb250ZW50JTJGdXBsb2FkcyUyRjIwMjMlMkYwNCUyRkljb25vZHVjaGEyLnBuZyUyMiUzRSUzQyUyRnRkJTNFJTBBJTNDdGQlM0UyJTIwQXNlb3MlMjB5JTIwMiUyMGR1Y2hhcyUyMHByaXZhZG9zJTNDJTJGdGQlM0UlMEElM0MlMkZ0ciUzRSUwQSUzQ3RyJTNFJTBBJTNDdGQlM0UlM0NpbWclMjBjbGFzcyUzRCUyMmltZy1pY29uJTIyJTIwYWx0JTNEJTIybnVsbCUyMiUyMHNyYyUzRCUyMmh0dHBzJTNBJTJGJTJGbG9ndW5lcm9vbXMuY29tJTJGd3AtY29udGVudCUyRnVwbG9hZHMlMkYyMDIzJTJGMDQlMkZJY29ub3NhYmFuYXMyLnBuZyUyMiUzRSUzQyUyRnRkJTNFJTBBJTNDdGQlM0VSb3BhJTIwZGUlMjBjYW1hJTNDJTJGdGQlM0UlMEElM0MlMkZ0ciUzRSUwQSUzQ3RyJTNFJTBBJTNDdGQlM0UlM0NpbWclMjBjbGFzcyUzRCUyMmltZy1pY29uJTIyJTIwYWx0JTNEJTIybnVsbCUyMiUyMHNyYyUzRCUyMmh0dHBzJTNBJTJGJTJGbG9ndW5lcm9vbXMuY29tJTJGd3AtY29udGVudCUyRnVwbG9hZHMlMkYyMDIzJTJGMDQlMkZJY29ub3JheW8ucG5nJTIyJTNFJTNDJTJGdGQlM0UlMEElM0N0ZCUzRUNhcmdhJTIwVVNCJTNDJTJGdGQlM0UlMEElM0MlMkZ0ciUzRSUwQSUzQ3RyJTNFJTBBJTNDdGQlM0UlM0NpbWclMjBjbGFzcyUzRCUyMmltZy1pY29uJTIyJTIwYWx0JTNEJTIybnVsbCUyMiUyMHNyYyUzRCUyMmh0dHBzJTNBJTJGJTJGbG9ndW5lcm9vbXMuY29tJTJGd3AtY29udGVudCUyRnVwbG9hZHMlMkYyMDIzJTJGMDQlMkZJY29ub2NhbmRhZG8ucG5nJTIyJTNFJTNDJTJGdGQlM0UlMEElM0N0ZCUzRVRhcXVpbGxhcyUyMCUyQiUyMGNham9uZXMlM0MlMkZ0ZCUzRSUwQSUzQyUyRnRyJTNFJTBBJTNDJTJGdGFibGUlM0UlMjA=[\/vc_raw_html][vc_raw_html css=&#8221;&#8221; el_class=&#8221;mirai-ordenador&#8221;]JTNDYSUyMGhyZWYlM0QlMjJodHRwcyUzQSUyRiUyRmxvZ3VuZXJvb21zLmNvbSUyRmJvb2tpbmdzdGVwMSUyRiUyMiUyMGNsYXNzJTNEJTIyYnRuLXJlc2VydmFyLWF6dWwlMjIlM0UlM0UlMjBFTEVHSVIlMjBGRUNIQSUzQyUyRmElM0U=[\/vc_raw_html][vc_raw_html css=&#8221;&#8221; el_class=&#8221;mirai-movil&#8221;]JTNDYSUyMGhyZWYlM0QlMjJodHRwcyUzQSUyRiUyRmxvZ3VuZXJvb21zLmNvbSUyRmJvb2tpbmdzdGVwMSUyRiUyMiUyMGNsYXNzJTNEJTIyYnRuLXJlc2VydmFyLWF6dWwlMjIlM0UlM0UlMjBFTEVHSVIlMjBGRUNIQSUzQyUyRmElM0U=[\/vc_raw_html][\/vc_column_inner][\/vc_row_inner][\/vc_column][vc_column width=&#8221;1\/6&#8243;][\/vc_column][\/vc_row][vc_row el_class=&#8221;bg-gris-claro&#8221; el_id=&#8221;fila-reservar-todo&#8221; css=&#8221;.vc_custom_1700157321128{padding-top: 20px !important;padding-bottom: 20px !important;}&#8221;][vc_column width=&#8221;1\/4&#8243;][\/vc_column][vc_column width=&#8221;1\/2&#8243; css=&#8221;.vc_custom_1700156210632{padding-bottom: 20px !important;}&#8221;][vc_column_text el_class=&#8221;pd-lr-xs-30&#8243;]<\/p>\n<h2 class=\"text-vison\" style=\"text-align: center;\"><span style=\"color: #f9b22d;\">*<\/span> Reservar TODO EL ESPACIO<\/h2>\n<p>[\/vc_column_text][vc_column_text]<\/p>\n<p style=\"text-align: center;\"><span style=\"color: #333333;\"><strong>Capacidad: 42 pers.<\/strong><\/span><\/p>\n<p>[\/vc_column_text][vc_column_text el_class=&#8221;pd-lr-xs-30&#8243;]<\/p>\n<p class=\"p1\" style=\"text-align: center;\"><span style=\"color: #666666;\">\u00bfOs gustar\u00eda disponer de Logune Rooms s\u00f3lo para vosotros?<\/span><\/p>\n<p class=\"p1\" style=\"text-align: center;\"><span style=\"color: #666666;\">Ponte en contacto a trav\u00e9s del <strong><a href=\"tel: +945 660 500\">+945 660 500<\/a> \/ <a href=\"mailto:info@logunerooms.com\">info@logunerooms.com<\/a><br \/>\n<\/strong>y te informaremos de disponibilidad y precios.<\/span>[\/vc_column_text][\/vc_column][vc_column width=&#8221;1\/4&#8243;][\/vc_column][\/vc_row][vc_row cth_layout=&#8221;row_sec&#8221; css=&#8221;.vc_custom_1680105837523{background-color: #f9b22d !important;}&#8221; el_class=&#8221;section-sin-borde&#8221; el_id=&#8221;reservas_precio&#8221;][vc_column width=&#8221;1\/2&#8243;][vc_column_text css=&#8221;.vc_custom_1686591266906{padding-top: 10px !important;}&#8221; el_id=&#8221;reservas_call&#8221; el_class=&#8221;text-bco&#8221;]RESERVA AL MEJOR PRECIO EN NUESTRA WEB[\/vc_column_text][\/vc_column][vc_column width=&#8221;1\/2&#8243;][vc_btn title=&#8221;RESERVAR&#8221; style=&#8221;outline&#8221; shape=&#8221;square&#8221; color=&#8221;white&#8221; align=&#8221;right&#8221; css=&#8221;.vc_custom_1767181208702{margin-bottom: 0px !important;}&#8221; el_class=&#8221;btn-bco mirai-ordenador&#8221; link=&#8221;url:https%3A%2F%2Flogunerooms.com%2Fbookingstep1%2F|target:_blank&#8221;][vc_btn title=&#8221;RESERVAR&#8221; style=&#8221;outline&#8221; shape=&#8221;square&#8221; color=&#8221;white&#8221; align=&#8221;right&#8221; css=&#8221;.vc_custom_1767181372348{margin-bottom: 0px !important;}&#8221; el_class=&#8221;btn-bco mirai-movil&#8221; link=&#8221;url:https%3A%2F%2Flogunerooms.com%2Fbookingstep1%2F|target:_blank&#8221;][\/vc_column][\/vc_row]<\/p>\n<\/div>","protected":false},"excerpt":{"rendered":"<p>[vc_row el_class=&#8221;bg-gris-claro&#8221;][vc_column width=&#8221;1\/3&#8243;][\/vc_column][vc_column width=&#8221;1\/3&#8243; css=&#8221;.vc_custom_1700156210632{padding-bottom: 20px !important;}&#8221;][vc_column_text el_class=&#8221;pd-lr-xs-30&#8243;] Tipos de habitaciones Escoge la habitaci\u00f3n que m\u00e1s te guste en funci\u00f3n del espacio del que quer\u00e1is disponer. [\/vc_column_text][\/vc_column][vc_column width=&#8221;1\/3&#8243;][\/vc_column][\/vc_row][vc_row][vc_column width=&#8221;1\/3&#8243;][vc_raw_html css=&#8221;&#8221;]JTNDZGl2JTIwY2xhc3MlM0QlMjJhdS1wb3B1cCUyMiUzRSUwQSUyMCUyMCUyMCUyMCUyMCUyMCUyMCUzQ2RpdiUyMGNsYXNzJTNEJTIyYXUtcG9wdXAtaW5uZXIlMjIlM0UlMEElM0NpZnJhbWUlMjBzcmMlM0QlMjJodHRwcyUzQSUyRiUyRm15Lm1hdHRlcnBvcnQuY29tJTJGc2hvdyUyRiUzRm0lM0R1YWtaQlZjVXVURiUyNnNyJTNELS41JTJDLS40OSUyNnNzJTNEMiUyMiUyMGZyYW1lYm9yZGVyJTNEJTIyMCUyMiUyMHN0eWxlJTNEJTIyaGVpZ2h0JTNBMTAwJTI1JTNCZGlzcGxheSUzQWJsb2NrJTNCJTIwd2lkdGglM0ExMDAlMjUlM0IlMjBib3JkZXIlM0Fub25lJTNCJTIyJTNFJTNDJTJGaWZyYW1lJTNFJTBBJTIwJTIwJTIwJTIwJTIwJTIwJTIwJTNDc3BhbiUyMGNsYXNzJTNEJTIyYXUtY2xvc2UlMjIlM0UlMjZ0aW1lcyUzQiUzQyUyRnNwYW4lM0UlMEElMjAlMjAlMjAlMjAlMjAlMjAlMjAlM0MlMkZkaXYlM0UlMEElMjAlMjAlMjAlMjAlM0MlMkZkaXYlM0U=[\/vc_raw_html][\/vc_column][vc_column width=&#8221;1\/3&#8243;][vc_btn title=&#8221;TOUR VIRTUAL&#8221; style=&#8221;outline&#8221; shape=&#8221;square&#8221; color=&#8221;black&#8221; align=&#8221;center&#8221; css=&#8221;&#8221; link=&#8221;url:https%3A%2F%2Fmy.matterport.com%2Fshow%2F%3Fm%3DaPVG5UkaYzY&#8221; el_id=&#8221;btn-tour&#8221; el_class=&#8221;btn-gris-oscuro&#8221;][\/vc_column][vc_column width=&#8221;1\/3&#8243;][\/vc_column][\/vc_row][vc_row css=&#8221;.vc_custom_1700157206997{padding-top: 20px !important;background-color: #ffffff !important;}&#8221; el_class=&#8221;fila-habitaciones-detalle&#8221;][vc_column width=&#8221;1\/5&#8243;][\/vc_column][vc_column width=&#8221;1\/5&#8243; css=&#8221;.vc_custom_1680805309438{padding-bottom: 20px !important;}&#8221;][vc_images_carousel images=&#8221;3282,3279,3273,3285,3267,3269,3275,3265&#8243; img_size=&#8221;263&#215;328&#8243;&#8230;<\/p>\n","protected":false},"author":1,"featured_media":0,"parent":0,"menu_order":0,"comment_status":"open","ping_status":"open","template":"plantilla_au.php","meta":{"footnotes":""},"class_list":["post-1302","page","type-page","status-publish","hentry"],"yoast_head":"<!-- This site is optimized with the Yoast SEO plugin v27.2 - https:\/\/yoast.com\/product\/yoast-seo-wordpress\/ -->\n<title>Habitaciones para grupos | Logune Rooms<\/title>\n<meta name=\"description\" content=\"Habitaciones para grupos de 4, 6, 8 o 10 personas con ducha y ba\u00f1o privados en Vitoria-Gasteiz. Dispone de cocina-comedor com\u00fan.\" \/>\n<meta name=\"robots\" content=\"index, follow, max-snippet:-1, max-image-preview:large, max-video-preview:-1\" \/>\n<link rel=\"canonical\" href=\"https:\/\/logunerooms.com\/es\/habitaciones-grupos-vitoria\/\" \/>\n<meta property=\"og:locale\" content=\"es_ES\" \/>\n<meta property=\"og:type\" content=\"article\" \/>\n<meta property=\"og:title\" content=\"Habitaciones para grupos | Logune Rooms\" \/>\n<meta property=\"og:description\" content=\"Habitaciones para grupos de 4, 6, 8 o 10 personas con ducha y ba\u00f1o privados en Vitoria-Gasteiz. Dispone de cocina-comedor com\u00fan.\" \/>\n<meta property=\"og:url\" content=\"https:\/\/logunerooms.com\/es\/habitaciones-grupos-vitoria\/\" \/>\n<meta property=\"og:site_name\" content=\"Logune Rooms\" \/>\n<meta property=\"article:modified_time\" content=\"2025-12-31T11:45:11+00:00\" \/>\n<meta name=\"twitter:card\" content=\"summary_large_image\" \/>\n<meta name=\"twitter:label1\" content=\"Tiempo de lectura\" \/>\n\t<meta name=\"twitter:data1\" content=\"7 minutos\" \/>\n<script type=\"application\/ld+json\" class=\"yoast-schema-graph\">{\"@context\":\"https:\/\/schema.org\",\"@graph\":[{\"@type\":\"WebPage\",\"@id\":\"https:\/\/logunerooms.com\/es\/habitaciones-grupos-vitoria\/\",\"url\":\"https:\/\/logunerooms.com\/es\/habitaciones-grupos-vitoria\/\",\"name\":\"Habitaciones para grupos | Logune Rooms\",\"isPartOf\":{\"@id\":\"https:\/\/logunerooms.com\/es\/#website\"},\"datePublished\":\"2022-03-31T06:24:38+00:00\",\"dateModified\":\"2025-12-31T11:45:11+00:00\",\"description\":\"Habitaciones para grupos de 4, 6, 8 o 10 personas con ducha y ba\u00f1o privados en Vitoria-Gasteiz. Dispone de cocina-comedor com\u00fan.\",\"breadcrumb\":{\"@id\":\"https:\/\/logunerooms.com\/es\/habitaciones-grupos-vitoria\/#breadcrumb\"},\"inLanguage\":\"es\",\"potentialAction\":[{\"@type\":\"ReadAction\",\"target\":[\"https:\/\/logunerooms.com\/es\/habitaciones-grupos-vitoria\/\"]}]},{\"@type\":\"BreadcrumbList\",\"@id\":\"https:\/\/logunerooms.com\/es\/habitaciones-grupos-vitoria\/#breadcrumb\",\"itemListElement\":[{\"@type\":\"ListItem\",\"position\":1,\"name\":\"Portada\",\"item\":\"https:\/\/logunerooms.com\/es\/\"},{\"@type\":\"ListItem\",\"position\":2,\"name\":\"Habitaciones para grupos\"}]},{\"@type\":\"WebSite\",\"@id\":\"https:\/\/logunerooms.com\/es\/#website\",\"url\":\"https:\/\/logunerooms.com\/es\/\",\"name\":\"Logune Rooms\",\"description\":\"Logune Rooms en el centro de Vitoria Gasteiz\",\"publisher\":{\"@id\":\"https:\/\/logunerooms.com\/es\/#organization\"},\"potentialAction\":[{\"@type\":\"SearchAction\",\"target\":{\"@type\":\"EntryPoint\",\"urlTemplate\":\"https:\/\/logunerooms.com\/es\/?s={search_term_string}\"},\"query-input\":{\"@type\":\"PropertyValueSpecification\",\"valueRequired\":true,\"valueName\":\"search_term_string\"}}],\"inLanguage\":\"es\"},{\"@type\":\"Organization\",\"@id\":\"https:\/\/logunerooms.com\/es\/#organization\",\"name\":\"Logune Rooms\",\"url\":\"https:\/\/logunerooms.com\/es\/\",\"logo\":{\"@type\":\"ImageObject\",\"inLanguage\":\"es\",\"@id\":\"https:\/\/logunerooms.com\/es\/#\/schema\/logo\/image\/\",\"url\":\"https:\/\/logunerooms.com\/wp-content\/uploads\/2022\/03\/logo_nirea_a-1.png\",\"contentUrl\":\"https:\/\/logunerooms.com\/wp-content\/uploads\/2022\/03\/logo_nirea_a-1.png\",\"width\":100,\"height\":64,\"caption\":\"Logune Rooms\"},\"image\":{\"@id\":\"https:\/\/logunerooms.com\/es\/#\/schema\/logo\/image\/\"}}]}<\/script>\n<!-- \/ Yoast SEO plugin. -->","yoast_head_json":{"title":"Habitaciones para grupos | Logune Rooms","description":"Habitaciones para grupos de 4, 6, 8 o 10 personas con ducha y ba\u00f1o privados en Vitoria-Gasteiz. Dispone de cocina-comedor com\u00fan.","robots":{"index":"index","follow":"follow","max-snippet":"max-snippet:-1","max-image-preview":"max-image-preview:large","max-video-preview":"max-video-preview:-1"},"canonical":"https:\/\/logunerooms.com\/es\/habitaciones-grupos-vitoria\/","og_locale":"es_ES","og_type":"article","og_title":"Habitaciones para grupos | Logune Rooms","og_description":"Habitaciones para grupos de 4, 6, 8 o 10 personas con ducha y ba\u00f1o privados en Vitoria-Gasteiz. Dispone de cocina-comedor com\u00fan.","og_url":"https:\/\/logunerooms.com\/es\/habitaciones-grupos-vitoria\/","og_site_name":"Logune Rooms","article_modified_time":"2025-12-31T11:45:11+00:00","twitter_card":"summary_large_image","twitter_misc":{"Tiempo de lectura":"7 minutos"},"schema":{"@context":"https:\/\/schema.org","@graph":[{"@type":"WebPage","@id":"https:\/\/logunerooms.com\/es\/habitaciones-grupos-vitoria\/","url":"https:\/\/logunerooms.com\/es\/habitaciones-grupos-vitoria\/","name":"Habitaciones para grupos | Logune Rooms","isPartOf":{"@id":"https:\/\/logunerooms.com\/es\/#website"},"datePublished":"2022-03-31T06:24:38+00:00","dateModified":"2025-12-31T11:45:11+00:00","description":"Habitaciones para grupos de 4, 6, 8 o 10 personas con ducha y ba\u00f1o privados en Vitoria-Gasteiz. Dispone de cocina-comedor com\u00fan.","breadcrumb":{"@id":"https:\/\/logunerooms.com\/es\/habitaciones-grupos-vitoria\/#breadcrumb"},"inLanguage":"es","potentialAction":[{"@type":"ReadAction","target":["https:\/\/logunerooms.com\/es\/habitaciones-grupos-vitoria\/"]}]},{"@type":"BreadcrumbList","@id":"https:\/\/logunerooms.com\/es\/habitaciones-grupos-vitoria\/#breadcrumb","itemListElement":[{"@type":"ListItem","position":1,"name":"Portada","item":"https:\/\/logunerooms.com\/es\/"},{"@type":"ListItem","position":2,"name":"Habitaciones para grupos"}]},{"@type":"WebSite","@id":"https:\/\/logunerooms.com\/es\/#website","url":"https:\/\/logunerooms.com\/es\/","name":"Logune Rooms","description":"Logune Rooms en el centro de Vitoria Gasteiz","publisher":{"@id":"https:\/\/logunerooms.com\/es\/#organization"},"potentialAction":[{"@type":"SearchAction","target":{"@type":"EntryPoint","urlTemplate":"https:\/\/logunerooms.com\/es\/?s={search_term_string}"},"query-input":{"@type":"PropertyValueSpecification","valueRequired":true,"valueName":"search_term_string"}}],"inLanguage":"es"},{"@type":"Organization","@id":"https:\/\/logunerooms.com\/es\/#organization","name":"Logune Rooms","url":"https:\/\/logunerooms.com\/es\/","logo":{"@type":"ImageObject","inLanguage":"es","@id":"https:\/\/logunerooms.com\/es\/#\/schema\/logo\/image\/","url":"https:\/\/logunerooms.com\/wp-content\/uploads\/2022\/03\/logo_nirea_a-1.png","contentUrl":"https:\/\/logunerooms.com\/wp-content\/uploads\/2022\/03\/logo_nirea_a-1.png","width":100,"height":64,"caption":"Logune Rooms"},"image":{"@id":"https:\/\/logunerooms.com\/es\/#\/schema\/logo\/image\/"}}]}},"_links":{"self":[{"href":"https:\/\/logunerooms.com\/es\/wp-json\/wp\/v2\/pages\/1302","targetHints":{"allow":["GET"]}}],"collection":[{"href":"https:\/\/logunerooms.com\/es\/wp-json\/wp\/v2\/pages"}],"about":[{"href":"https:\/\/logunerooms.com\/es\/wp-json\/wp\/v2\/types\/page"}],"author":[{"embeddable":true,"href":"https:\/\/logunerooms.com\/es\/wp-json\/wp\/v2\/users\/1"}],"replies":[{"embeddable":true,"href":"https:\/\/logunerooms.com\/es\/wp-json\/wp\/v2\/comments?post=1302"}],"version-history":[{"count":272,"href":"https:\/\/logunerooms.com\/es\/wp-json\/wp\/v2\/pages\/1302\/revisions"}],"predecessor-version":[{"id":4296,"href":"https:\/\/logunerooms.com\/es\/wp-json\/wp\/v2\/pages\/1302\/revisions\/4296"}],"wp:attachment":[{"href":"https:\/\/logunerooms.com\/es\/wp-json\/wp\/v2\/media?parent=1302"}],"curies":[{"name":"wp","href":"https:\/\/api.w.org\/{rel}","templated":true}]}}